{"id":400,"date":"2023-04-14T00:16:43","date_gmt":"2023-04-14T00:16:43","guid":{"rendered":"https:\/\/redglobalpark.com\/?page_id=400"},"modified":"2023-04-14T00:19:23","modified_gmt":"2023-04-14T00:19:23","slug":"eco-global-park","status":"publish","type":"page","link":"https:\/\/redglobalpark.com\/?page_id=400","title":{"rendered":"Eco Global Park"},"content":{"rendered":"\t\t<div data-elementor-type=\"wp-page\" data-elementor-id=\"400\" class=\"elementor elementor-400\">\n\t\t\t\t\t\t\t\t\t<section data-particle_enable=\"false\" data-particle-mobile-disabled=\"false\" class=\"elementor-section elementor-top-section elementor-element elementor-element-75801bc elementor-section-boxed elementor-section-height-default elementor-section-height-default\" data-id=\"75801bc\" data-element_type=\"section\" data-settings=\"{&quot;background_background&quot;:&quot;classic&quot;}\">\n\t\t\t\t\t\t<div class=\"elementor-container elementor-column-gap-default\">\n\t\t\t\t\t<div class=\"elementor-column elementor-col-100 elementor-top-column elementor-element elementor-element-67161bf\" data-id=\"67161bf\" data-element_type=\"column\">\n\t\t\t<div class=\"elementor-widget-wrap elementor-element-populated\">\n\t\t\t\t\t\t\t\t<div class=\"elementor-element elementor-element-a0cbdd3 elementor-widget elementor-widget-spacer\" data-id=\"a0cbdd3\" data-element_type=\"widget\" data-widget_type=\"spacer.default\">\n\t\t\t\t<div class=\"elementor-widget-container\">\n\t\t\t<style>\/*! elementor - v3.12.1 - 02-04-2023 *\/\n.elementor-column .elementor-spacer-inner{height:var(--spacer-size)}.e-con{--container-widget-width:100%}.e-con-inner>.elementor-widget-spacer,.e-con>.elementor-widget-spacer{width:var(--container-widget-width,var(--spacer-size));--align-self:var(--container-widget-align-self,initial);--flex-shrink:0}.e-con-inner>.elementor-widget-spacer>.elementor-widget-container,.e-con-inner>.elementor-widget-spacer>.elementor-widget-container>.elementor-spacer,.e-con>.elementor-widget-spacer>.elementor-widget-container,.e-con>.elementor-widget-spacer>.elementor-widget-container>.elementor-spacer{height:100%}.e-con-inner>.elementor-widget-spacer>.elementor-widget-container>.elementor-spacer>.elementor-spacer-inner,.e-con>.elementor-widget-spacer>.elementor-widget-container>.elementor-spacer>.elementor-spacer-inner{height:var(--container-widget-height,var(--spacer-size))}<\/style>\t\t<div class=\"elementor-spacer\">\n\t\t\t<div class=\"elementor-spacer-inner\"><\/div>\n\t\t<\/div>\n\t\t\t\t<\/div>\n\t\t\t\t<\/div>\n\t\t\t\t<section data-particle_enable=\"false\" data-particle-mobile-disabled=\"false\" class=\"elementor-section elementor-inner-section elementor-element elementor-element-81ffdaf elementor-section-boxed elementor-section-height-default elementor-section-height-default\" data-id=\"81ffdaf\" data-element_type=\"section\">\n\t\t\t\t\t\t<div class=\"elementor-container elementor-column-gap-default\">\n\t\t\t\t\t<div class=\"elementor-column elementor-col-100 elementor-inner-column elementor-element elementor-element-ad50d31\" data-id=\"ad50d31\" data-element_type=\"column\" data-settings=\"{&quot;background_background&quot;:&quot;classic&quot;}\">\n\t\t\t<div class=\"elementor-widget-wrap elementor-element-populated\">\n\t\t\t\t\t\t\t\t<div class=\"elementor-element elementor-element-a477271 elementor-widget elementor-widget-image\" data-id=\"a477271\" data-element_type=\"widget\" data-widget_type=\"image.default\">\n\t\t\t\t<div class=\"elementor-widget-container\">\n\t\t\t<style>\/*! elementor - v3.12.1 - 02-04-2023 *\/\n.elementor-widget-image{text-align:center}.elementor-widget-image a{display:inline-block}.elementor-widget-image a img[src$=\".svg\"]{width:48px}.elementor-widget-image img{vertical-align:middle;display:inline-block}<\/style>\t\t\t\t\t\t\t\t\t\t\t\t<img loading=\"lazy\" decoding=\"async\" width=\"800\" height=\"800\" src=\"https:\/\/redglobalpark.com\/wp-content\/uploads\/2023\/03\/Logo-Ecoglobal-Park-1-1024x1024.jpg\" class=\"attachment-large size-large wp-image-50\" alt=\"\" srcset=\"https:\/\/redglobalpark.com\/wp-content\/uploads\/2023\/03\/Logo-Ecoglobal-Park-1-1024x1024.jpg 1024w, https:\/\/redglobalpark.com\/wp-content\/uploads\/2023\/03\/Logo-Ecoglobal-Park-1-300x300.jpg 300w, https:\/\/redglobalpark.com\/wp-content\/uploads\/2023\/03\/Logo-Ecoglobal-Park-1-150x150.jpg 150w, https:\/\/redglobalpark.com\/wp-content\/uploads\/2023\/03\/Logo-Ecoglobal-Park-1-768x768.jpg 768w, https:\/\/redglobalpark.com\/wp-content\/uploads\/2023\/03\/Logo-Ecoglobal-Park-1.jpg 1080w\" sizes=\"(max-width: 800px) 100vw, 800px\" \/>\t\t\t\t\t\t\t\t\t\t\t\t\t\t\t<\/div>\n\t\t\t\t<\/div>\n\t\t\t\t\t<\/div>\n\t\t<\/div>\n\t\t\t\t\t\t\t<\/div>\n\t\t<\/section>\n\t\t\t\t<div class=\"elementor-element elementor-element-26a7045 elementor-widget elementor-widget-spacer\" data-id=\"26a7045\" data-element_type=\"widget\" data-widget_type=\"spacer.default\">\n\t\t\t\t<div class=\"elementor-widget-container\">\n\t\t\t\t\t<div class=\"elementor-spacer\">\n\t\t\t<div class=\"elementor-spacer-inner\"><\/div>\n\t\t<\/div>\n\t\t\t\t<\/div>\n\t\t\t\t<\/div>\n\t\t\t\t<section data-particle_enable=\"false\" data-particle-mobile-disabled=\"false\" class=\"elementor-section elementor-inner-section elementor-element elementor-element-00bc450 elementor-section-boxed elementor-section-height-default elementor-section-height-default\" data-id=\"00bc450\" data-element_type=\"section\">\n\t\t\t\t\t\t<div class=\"elementor-container elementor-column-gap-default\">\n\t\t\t\t\t<div class=\"elementor-column elementor-col-50 elementor-inner-column elementor-element elementor-element-753cdca\" data-id=\"753cdca\" data-element_type=\"column\">\n\t\t\t<div class=\"elementor-widget-wrap elementor-element-populated\">\n\t\t\t\t\t\t\t\t<div class=\"elementor-element elementor-element-1ceb0ed elementor-widget elementor-widget-image\" data-id=\"1ceb0ed\" data-element_type=\"widget\" data-widget_type=\"image.default\">\n\t\t\t\t<div class=\"elementor-widget-container\">\n\t\t\t\t\t\t\t\t\t\t\t\t\t\t\t<img loading=\"lazy\" decoding=\"async\" width=\"683\" height=\"1024\" src=\"https:\/\/redglobalpark.com\/wp-content\/uploads\/2023\/03\/15-1-683x1024.jpg\" class=\"attachment-large size-large wp-image-355\" alt=\"\" srcset=\"https:\/\/redglobalpark.com\/wp-content\/uploads\/2023\/03\/15-1-683x1024.jpg 683w, https:\/\/redglobalpark.com\/wp-content\/uploads\/2023\/03\/15-1-200x300.jpg 200w, https:\/\/redglobalpark.com\/wp-content\/uploads\/2023\/03\/15-1-768x1152.jpg 768w, https:\/\/redglobalpark.com\/wp-content\/uploads\/2023\/03\/15-1-1024x1536.jpg 1024w, https:\/\/redglobalpark.com\/wp-content\/uploads\/2023\/03\/15-1-1365x2048.jpg 1365w, https:\/\/redglobalpark.com\/wp-content\/uploads\/2023\/03\/15-1-scaled.jpg 1707w\" sizes=\"(max-width: 683px) 100vw, 683px\" \/>\t\t\t\t\t\t\t\t\t\t\t\t\t\t\t<\/div>\n\t\t\t\t<\/div>\n\t\t\t\t\t<\/div>\n\t\t<\/div>\n\t\t\t\t<div class=\"elementor-column elementor-col-50 elementor-inner-column elementor-element elementor-element-6c4c420\" data-id=\"6c4c420\" data-element_type=\"column\">\n\t\t\t<div class=\"elementor-widget-wrap elementor-element-populated\">\n\t\t\t\t\t\t\t\t<div class=\"elementor-element elementor-element-ae85d1b elementor-widget elementor-widget-text-editor\" data-id=\"ae85d1b\" data-element_type=\"widget\" data-widget_type=\"text-editor.default\">\n\t\t\t\t<div class=\"elementor-widget-container\">\n\t\t\t<style>\/*! elementor - v3.12.1 - 02-04-2023 *\/\n.elementor-widget-text-editor.elementor-drop-cap-view-stacked .elementor-drop-cap{background-color:#69727d;color:#fff}.elementor-widget-text-editor.elementor-drop-cap-view-framed .elementor-drop-cap{color:#69727d;border:3px solid;background-color:transparent}.elementor-widget-text-editor:not(.elementor-drop-cap-view-default) .elementor-drop-cap{margin-top:8px}.elementor-widget-text-editor:not(.elementor-drop-cap-view-default) .elementor-drop-cap-letter{width:1em;height:1em}.elementor-widget-text-editor .elementor-drop-cap{float:left;text-align:center;line-height:1;font-size:50px}.elementor-widget-text-editor .elementor-drop-cap-letter{display:inline-block}<\/style>\t\t\t\t<p>Es una organizaci\u00f3n enfocada en el manejo de residuos s\u00f3lidos aprovechables, generando una utilizaci\u00f3n de los mismos para contribuir a la econom\u00eda circular, la cual incluye recicladores, ECAS e industria.<\/p>\t\t\t\t\t\t<\/div>\n\t\t\t\t<\/div>\n\t\t\t\t<div class=\"elementor-element elementor-element-7f6cb77 elementor-widget elementor-widget-eael-adv-accordion\" data-id=\"7f6cb77\" data-element_type=\"widget\" data-widget_type=\"eael-adv-accordion.default\">\n\t\t\t\t<div class=\"elementor-widget-container\">\n\t\t\t        <div class=\"eael-adv-accordion\" id=\"eael-adv-accordion-7f6cb77\" data-accordion-id=\"7f6cb77\" data-accordion-type=\"accordion\" data-toogle-speed=\"300\">\n    <div class=\"eael-accordion-list\">\n                <div id=\"compra\" class=\"elementor-tab-title eael-accordion-header\" tabindex=\"1331\" data-tab=\"1\" aria-controls=\"elementor-tab-content-1331\"><span class=\"eael-advanced-accordion-icon-closed\"><i aria-hidden=\"true\" class=\"fa-accordion-icon fas fa-plus\"><\/i><\/span><span class=\"eael-advanced-accordion-icon-opened\"><i aria-hidden=\"true\" class=\"fa-accordion-icon fas fa-minus\"><\/i><\/span><span class=\"eael-accordion-tab-title\">Compra<\/span><i aria-hidden=\"true\" class=\"fa-toggle fas fa-angle-right\"><\/i><\/div><div id=\"elementor-tab-content-1331\" class=\"eael-accordion-content clearfix\" data-tab=\"1\" aria-labelledby=\"compra\"><p><p>Se realiza la captaci\u00f3n de los residuos s\u00f3lidos aprovechables en la regi\u00f3n Caribe a trav\u00e9s de grupos de recicladores y dep\u00f3sitos.<\/p><\/p><\/div>\n                <\/div><div class=\"eael-accordion-list\">\n                <div id=\"separacin\" class=\"elementor-tab-title eael-accordion-header\" tabindex=\"1332\" data-tab=\"2\" aria-controls=\"elementor-tab-content-1332\"><span class=\"eael-advanced-accordion-icon-closed\"><i aria-hidden=\"true\" class=\"fa-accordion-icon fas fa-plus\"><\/i><\/span><span class=\"eael-advanced-accordion-icon-opened\"><i aria-hidden=\"true\" class=\"fa-accordion-icon fas fa-minus\"><\/i><\/span><span class=\"eael-accordion-tab-title\">Separaci\u00f3n<\/span><i aria-hidden=\"true\" class=\"fa-toggle fas fa-angle-right\"><\/i><\/div><div id=\"elementor-tab-content-1332\" class=\"eael-accordion-content clearfix\" data-tab=\"2\" aria-labelledby=\"separacin\"><p><p>Gracias al equipo humano, se realiza la clasificaci\u00f3n del material aprovechable seg\u00fan sus caracter\u00edsticas. Papel, cart\u00f3n, aluminio, pl\u00e1stico, entre otros.<\/p><\/p><\/div>\n                <\/div><div class=\"eael-accordion-list\">\n                <div id=\"compactacin\" class=\"elementor-tab-title eael-accordion-header\" tabindex=\"1333\" data-tab=\"3\" aria-controls=\"elementor-tab-content-1333\"><span class=\"eael-advanced-accordion-icon-closed\"><i aria-hidden=\"true\" class=\"fa-accordion-icon fas fa-plus\"><\/i><\/span><span class=\"eael-advanced-accordion-icon-opened\"><i aria-hidden=\"true\" class=\"fa-accordion-icon fas fa-minus\"><\/i><\/span><span class=\"eael-accordion-tab-title\">Compactaci\u00f3n<\/span><i aria-hidden=\"true\" class=\"fa-toggle fas fa-angle-right\"><\/i><\/div><div id=\"elementor-tab-content-1333\" class=\"eael-accordion-content clearfix\" data-tab=\"3\" aria-labelledby=\"compactacin\"><p><p>A trav\u00e9s del proceso de prensado del material, \u00e9ste se compacta en una big bag para que la manipulaci\u00f3n del mismo sea m\u00e1s f\u00e1cil.<\/p><\/p><\/div>\n                <\/div><div class=\"eael-accordion-list\">\n                <div id=\"comercializacin\" class=\"elementor-tab-title eael-accordion-header\" tabindex=\"1334\" data-tab=\"4\" aria-controls=\"elementor-tab-content-1334\"><span class=\"eael-advanced-accordion-icon-closed\"><i aria-hidden=\"true\" class=\"fa-accordion-icon fas fa-plus\"><\/i><\/span><span class=\"eael-advanced-accordion-icon-opened\"><i aria-hidden=\"true\" class=\"fa-accordion-icon fas fa-minus\"><\/i><\/span><span class=\"eael-accordion-tab-title\">Comercializaci\u00f3n<\/span><i aria-hidden=\"true\" class=\"fa-toggle fas fa-angle-right\"><\/i><\/div><div id=\"elementor-tab-content-1334\" class=\"eael-accordion-content clearfix\" data-tab=\"4\" aria-labelledby=\"comercializacin\"><p><p>Se vende el producto final preservando la calidad del mismo para as\u00ed, cuidar los intereses de los clientes.<\/p><\/p><\/div>\n                <\/div><\/div>\t\t<\/div>\n\t\t\t\t<\/div>\n\t\t\t\t\t<\/div>\n\t\t<\/div>\n\t\t\t\t\t\t\t<\/div>\n\t\t<\/section>\n\t\t\t\t\t<\/div>\n\t\t<\/div>\n\t\t\t\t\t\t\t<\/div>\n\t\t<\/section>\n\t\t\t\t\t\t\t<\/div>\n\t\t","protected":false},"excerpt":{"rendered":"<p>Es una organizaci\u00f3n enfocada en el manejo de residuos s\u00f3lidos aprovechables, generando una utilizaci\u00f3n de los mismos para contribuir a la econom\u00eda circular, la cual incluye recicladores, ECAS e industria. Compra Se realiza la captaci\u00f3n de los residuos s\u00f3lidos aprovechables en la regi\u00f3n Caribe a trav\u00e9s de grupos de recicladores y dep\u00f3sitos. Separaci\u00f3n Gracias al [&hellip;]<\/p>\n","protected":false},"author":1,"featured_media":0,"parent":0,"menu_order":0,"comment_status":"closed","ping_status":"closed","template":"","meta":{"footnotes":""},"class_list":["post-400","page","type-page","status-publish","hentry"],"_links":{"self":[{"href":"https:\/\/redglobalpark.com\/index.php?rest_route=\/wp\/v2\/pages\/400"}],"collection":[{"href":"https:\/\/redglobalpark.com\/index.php?rest_route=\/wp\/v2\/pages"}],"about":[{"href":"https:\/\/redglobalpark.com\/index.php?rest_route=\/wp\/v2\/types\/page"}],"author":[{"embeddable":true,"href":"https:\/\/redglobalpark.com\/index.php?rest_route=\/wp\/v2\/users\/1"}],"replies":[{"embeddable":true,"href":"https:\/\/redglobalpark.com\/index.php?rest_route=%2Fwp%2Fv2%2Fcomments&post=400"}],"version-history":[{"count":4,"href":"https:\/\/redglobalpark.com\/index.php?rest_route=\/wp\/v2\/pages\/400\/revisions"}],"predecessor-version":[{"id":408,"href":"https:\/\/redglobalpark.com\/index.php?rest_route=\/wp\/v2\/pages\/400\/revisions\/408"}],"wp:attachment":[{"href":"https:\/\/redglobalpark.com\/index.php?rest_route=%2Fwp%2Fv2%2Fmedia&parent=400"}],"curies":[{"name":"wp","href":"https:\/\/api.w.org\/{rel}","templated":true}]}}