{"id":402,"date":"2023-04-14T00:17:09","date_gmt":"2023-04-14T00:17:09","guid":{"rendered":"https:\/\/redglobalpark.com\/?page_id=402"},"modified":"2024-03-05T14:54:43","modified_gmt":"2024-03-05T14:54:43","slug":"vida-pet","status":"publish","type":"page","link":"https:\/\/redglobalpark.com\/?page_id=402","title":{"rendered":"Vida Pet"},"content":{"rendered":"\t\t<div data-elementor-type=\"wp-page\" data-elementor-id=\"402\" class=\"elementor elementor-402\">\n\t\t\t\t\t\t\t\t\t<section data-particle_enable=\"false\" data-particle-mobile-disabled=\"false\" class=\"elementor-section elementor-top-section elementor-element elementor-element-3d75911 elementor-section-boxed elementor-section-height-default elementor-section-height-default\" data-id=\"3d75911\" data-element_type=\"section\" data-settings=\"{&quot;background_background&quot;:&quot;classic&quot;}\">\n\t\t\t\t\t\t<div class=\"elementor-container elementor-column-gap-default\">\n\t\t\t\t\t<div class=\"elementor-column elementor-col-100 elementor-top-column elementor-element elementor-element-b5ce17d\" data-id=\"b5ce17d\" data-element_type=\"column\">\n\t\t\t<div class=\"elementor-widget-wrap elementor-element-populated\">\n\t\t\t\t\t\t\t\t<section data-particle_enable=\"false\" data-particle-mobile-disabled=\"false\" class=\"elementor-section elementor-inner-section elementor-element elementor-element-af35469 elementor-section-boxed elementor-section-height-default elementor-section-height-default\" data-id=\"af35469\" data-element_type=\"section\">\n\t\t\t\t\t\t<div class=\"elementor-container elementor-column-gap-default\">\n\t\t\t\t\t<div class=\"elementor-column elementor-col-100 elementor-inner-column elementor-element elementor-element-c746f92\" data-id=\"c746f92\" data-element_type=\"column\" data-settings=\"{&quot;background_background&quot;:&quot;classic&quot;}\">\n\t\t\t<div class=\"elementor-widget-wrap elementor-element-populated\">\n\t\t\t\t\t\t\t\t<div class=\"elementor-element elementor-element-d0371f7 elementor-widget elementor-widget-image\" data-id=\"d0371f7\" data-element_type=\"widget\" data-widget_type=\"image.default\">\n\t\t\t\t<div class=\"elementor-widget-container\">\n\t\t\t<style>\/*! elementor - v3.12.1 - 02-04-2023 *\/\n.elementor-widget-image{text-align:center}.elementor-widget-image a{display:inline-block}.elementor-widget-image a img[src$=\".svg\"]{width:48px}.elementor-widget-image img{vertical-align:middle;display:inline-block}<\/style>\t\t\t\t\t\t\t\t\t\t\t\t<img loading=\"lazy\" decoding=\"async\" width=\"800\" height=\"800\" src=\"https:\/\/redglobalpark.com\/wp-content\/uploads\/2023\/03\/Logo-Vida-Pet-Plasticos-1-1024x1024.jpg\" class=\"attachment-large size-large wp-image-51\" alt=\"\" srcset=\"https:\/\/redglobalpark.com\/wp-content\/uploads\/2023\/03\/Logo-Vida-Pet-Plasticos-1-1024x1024.jpg 1024w, https:\/\/redglobalpark.com\/wp-content\/uploads\/2023\/03\/Logo-Vida-Pet-Plasticos-1-300x300.jpg 300w, https:\/\/redglobalpark.com\/wp-content\/uploads\/2023\/03\/Logo-Vida-Pet-Plasticos-1-150x150.jpg 150w, https:\/\/redglobalpark.com\/wp-content\/uploads\/2023\/03\/Logo-Vida-Pet-Plasticos-1-768x768.jpg 768w, https:\/\/redglobalpark.com\/wp-content\/uploads\/2023\/03\/Logo-Vida-Pet-Plasticos-1.jpg 1080w\" sizes=\"(max-width: 800px) 100vw, 800px\" \/>\t\t\t\t\t\t\t\t\t\t\t\t\t\t\t<\/div>\n\t\t\t\t<\/div>\n\t\t\t\t\t<\/div>\n\t\t<\/div>\n\t\t\t\t\t\t\t<\/div>\n\t\t<\/section>\n\t\t\t\t<div class=\"elementor-element elementor-element-80a68f2 elementor-widget elementor-widget-spacer\" data-id=\"80a68f2\" data-element_type=\"widget\" data-widget_type=\"spacer.default\">\n\t\t\t\t<div class=\"elementor-widget-container\">\n\t\t\t<style>\/*! elementor - v3.12.1 - 02-04-2023 *\/\n.elementor-column .elementor-spacer-inner{height:var(--spacer-size)}.e-con{--container-widget-width:100%}.e-con-inner>.elementor-widget-spacer,.e-con>.elementor-widget-spacer{width:var(--container-widget-width,var(--spacer-size));--align-self:var(--container-widget-align-self,initial);--flex-shrink:0}.e-con-inner>.elementor-widget-spacer>.elementor-widget-container,.e-con-inner>.elementor-widget-spacer>.elementor-widget-container>.elementor-spacer,.e-con>.elementor-widget-spacer>.elementor-widget-container,.e-con>.elementor-widget-spacer>.elementor-widget-container>.elementor-spacer{height:100%}.e-con-inner>.elementor-widget-spacer>.elementor-widget-container>.elementor-spacer>.elementor-spacer-inner,.e-con>.elementor-widget-spacer>.elementor-widget-container>.elementor-spacer>.elementor-spacer-inner{height:var(--container-widget-height,var(--spacer-size))}<\/style>\t\t<div class=\"elementor-spacer\">\n\t\t\t<div class=\"elementor-spacer-inner\"><\/div>\n\t\t<\/div>\n\t\t\t\t<\/div>\n\t\t\t\t<\/div>\n\t\t\t\t<section data-particle_enable=\"false\" data-particle-mobile-disabled=\"false\" class=\"elementor-section elementor-inner-section elementor-element elementor-element-5e6e121 elementor-section-boxed elementor-section-height-default elementor-section-height-default\" data-id=\"5e6e121\" data-element_type=\"section\">\n\t\t\t\t\t\t<div class=\"elementor-container elementor-column-gap-default\">\n\t\t\t\t\t<div class=\"elementor-column elementor-col-50 elementor-inner-column elementor-element elementor-element-840ae8b\" data-id=\"840ae8b\" data-element_type=\"column\">\n\t\t\t<div class=\"elementor-widget-wrap elementor-element-populated\">\n\t\t\t\t\t\t\t\t<div class=\"elementor-element elementor-element-85e814b elementor-widget elementor-widget-image\" data-id=\"85e814b\" data-element_type=\"widget\" data-widget_type=\"image.default\">\n\t\t\t\t<div class=\"elementor-widget-container\">\n\t\t\t\t\t\t\t\t\t\t\t\t\t\t\t<img loading=\"lazy\" decoding=\"async\" width=\"800\" height=\"600\" src=\"https:\/\/redglobalpark.com\/wp-content\/uploads\/2023\/03\/16.jpeg\" class=\"attachment-large size-large wp-image-130\" alt=\"\" srcset=\"https:\/\/redglobalpark.com\/wp-content\/uploads\/2023\/03\/16.jpeg 1024w, https:\/\/redglobalpark.com\/wp-content\/uploads\/2023\/03\/16-300x225.jpeg 300w, https:\/\/redglobalpark.com\/wp-content\/uploads\/2023\/03\/16-768x576.jpeg 768w\" sizes=\"(max-width: 800px) 100vw, 800px\" \/>\t\t\t\t\t\t\t\t\t\t\t\t\t\t\t<\/div>\n\t\t\t\t<\/div>\n\t\t\t\t\t<\/div>\n\t\t<\/div>\n\t\t\t\t<div class=\"elementor-column elementor-col-50 elementor-inner-column elementor-element elementor-element-8c7a911\" data-id=\"8c7a911\" data-element_type=\"column\">\n\t\t\t<div class=\"elementor-widget-wrap elementor-element-populated\">\n\t\t\t\t\t\t\t\t<div class=\"elementor-element elementor-element-1320ee3 elementor-widget elementor-widget-text-editor\" data-id=\"1320ee3\" data-element_type=\"widget\" data-widget_type=\"text-editor.default\">\n\t\t\t\t<div class=\"elementor-widget-container\">\n\t\t\t<style>\/*! elementor - v3.12.1 - 02-04-2023 *\/\n.elementor-widget-text-editor.elementor-drop-cap-view-stacked .elementor-drop-cap{background-color:#69727d;color:#fff}.elementor-widget-text-editor.elementor-drop-cap-view-framed .elementor-drop-cap{color:#69727d;border:3px solid;background-color:transparent}.elementor-widget-text-editor:not(.elementor-drop-cap-view-default) .elementor-drop-cap{margin-top:8px}.elementor-widget-text-editor:not(.elementor-drop-cap-view-default) .elementor-drop-cap-letter{width:1em;height:1em}.elementor-widget-text-editor .elementor-drop-cap{float:left;text-align:center;line-height:1;font-size:50px}.elementor-widget-text-editor .elementor-drop-cap-letter{display:inline-block}<\/style>\t\t\t\t<p>Es una organizaci\u00f3n enfocada en la transformaci\u00f3n del material pl\u00e1stico recuperable PET para convertirlo en materia prima de distintos productos finales, contribuyendo as\u00ed, a la econom\u00eda circular.<\/p>\t\t\t\t\t\t<\/div>\n\t\t\t\t<\/div>\n\t\t\t\t<div class=\"elementor-element elementor-element-921c8e1 elementor-widget elementor-widget-eael-adv-accordion\" data-id=\"921c8e1\" data-element_type=\"widget\" data-widget_type=\"eael-adv-accordion.default\">\n\t\t\t\t<div class=\"elementor-widget-container\">\n\t\t\t        <div class=\"eael-adv-accordion\" id=\"eael-adv-accordion-921c8e1\" data-accordion-id=\"921c8e1\" data-accordion-type=\"accordion\" data-toogle-speed=\"300\">\n    <div class=\"eael-accordion-list\">\n                <div id=\"clasificacin-y-separacin\" class=\"elementor-tab-title eael-accordion-header\" tabindex=\"1531\" data-tab=\"1\" aria-controls=\"elementor-tab-content-1531\"><span class=\"eael-advanced-accordion-icon-closed\"><i aria-hidden=\"true\" class=\"fa-accordion-icon fas fa-plus\"><\/i><\/span><span class=\"eael-advanced-accordion-icon-opened\"><i aria-hidden=\"true\" class=\"fa-accordion-icon fas fa-minus\"><\/i><\/span><span class=\"eael-accordion-tab-title\">Clasificaci\u00f3n y separaci\u00f3n<\/span><i aria-hidden=\"true\" class=\"fa-toggle fas fa-angle-right\"><\/i><\/div><div id=\"elementor-tab-content-1531\" class=\"eael-accordion-content clearfix\" data-tab=\"1\" aria-labelledby=\"clasificacin-y-separacin\"><p><p>Un incre\u00edble equipo humano se encarga de recibir el material PET de proveedores para luego, realizar la separaci\u00f3n del material.<\/p><\/p><\/div>\n                <\/div><div class=\"eael-accordion-list\">\n                <div id=\"molido\" class=\"elementor-tab-title eael-accordion-header\" tabindex=\"1532\" data-tab=\"2\" aria-controls=\"elementor-tab-content-1532\"><span class=\"eael-advanced-accordion-icon-closed\"><i aria-hidden=\"true\" class=\"fa-accordion-icon fas fa-plus\"><\/i><\/span><span class=\"eael-advanced-accordion-icon-opened\"><i aria-hidden=\"true\" class=\"fa-accordion-icon fas fa-minus\"><\/i><\/span><span class=\"eael-accordion-tab-title\">Molido<\/span><i aria-hidden=\"true\" class=\"fa-toggle fas fa-angle-right\"><\/i><\/div><div id=\"elementor-tab-content-1532\" class=\"eael-accordion-content clearfix\" data-tab=\"2\" aria-labelledby=\"molido\"><p><p>En la l\u00ednea de producci\u00f3n tecnificada, una eficiente maquinaria se encarga de triturar las botellas pl\u00e1sticas para convertirlas en escamas u hojuelas de PET.<\/p><\/p><\/div>\n                <\/div><div class=\"eael-accordion-list\">\n                <div id=\"limpieza\" class=\"elementor-tab-title eael-accordion-header\" tabindex=\"1533\" data-tab=\"3\" aria-controls=\"elementor-tab-content-1533\"><span class=\"eael-advanced-accordion-icon-closed\"><i aria-hidden=\"true\" class=\"fa-accordion-icon fas fa-plus\"><\/i><\/span><span class=\"eael-advanced-accordion-icon-opened\"><i aria-hidden=\"true\" class=\"fa-accordion-icon fas fa-minus\"><\/i><\/span><span class=\"eael-accordion-tab-title\">Limpieza<\/span><i aria-hidden=\"true\" class=\"fa-toggle fas fa-angle-right\"><\/i><\/div><div id=\"elementor-tab-content-1533\" class=\"eael-accordion-content clearfix\" data-tab=\"3\" aria-labelledby=\"limpieza\"><p><p>Las escamas u hojuelas de PET son lavadas en caliente para as\u00ed, obtener un material limpio.<\/p><\/p><\/div>\n                <\/div><div class=\"eael-accordion-list\">\n                <div id=\"secado\" class=\"elementor-tab-title eael-accordion-header\" tabindex=\"1534\" data-tab=\"4\" aria-controls=\"elementor-tab-content-1534\"><span class=\"eael-advanced-accordion-icon-closed\"><i aria-hidden=\"true\" class=\"fa-accordion-icon fas fa-plus\"><\/i><\/span><span class=\"eael-advanced-accordion-icon-opened\"><i aria-hidden=\"true\" class=\"fa-accordion-icon fas fa-minus\"><\/i><\/span><span class=\"eael-accordion-tab-title\">Secado<\/span><i aria-hidden=\"true\" class=\"fa-toggle fas fa-angle-right\"><\/i><\/div><div id=\"elementor-tab-content-1534\" class=\"eael-accordion-content clearfix\" data-tab=\"4\" aria-labelledby=\"secado\"><p><p>Finalmente, se realiza el secado de las escamas u hojuelas de PET para un producto final de calidad.<\/p><\/p><\/div>\n                <\/div><\/div>\t\t<\/div>\n\t\t\t\t<\/div>\n\t\t\t\t\t<\/div>\n\t\t<\/div>\n\t\t\t\t\t\t\t<\/div>\n\t\t<\/section>\n\t\t\t\t\t<\/div>\n\t\t<\/div>\n\t\t\t\t\t\t\t<\/div>\n\t\t<\/section>\n\t\t\t\t\t\t\t<\/div>\n\t\t","protected":false},"excerpt":{"rendered":"<p>Es una organizaci\u00f3n enfocada en la transformaci\u00f3n del material pl\u00e1stico recuperable PET para convertirlo en materia prima de distintos productos finales, contribuyendo as\u00ed, a la econom\u00eda circular. Clasificaci\u00f3n y separaci\u00f3n Un incre\u00edble equipo humano se encarga de recibir el material PET de proveedores para luego, realizar la separaci\u00f3n del material. Molido En la l\u00ednea de [&hellip;]<\/p>\n","protected":false},"author":1,"featured_media":0,"parent":0,"menu_order":0,"comment_status":"closed","ping_status":"closed","template":"","meta":{"footnotes":""},"class_list":["post-402","page","type-page","status-publish","hentry"],"_links":{"self":[{"href":"https:\/\/redglobalpark.com\/index.php?rest_route=\/wp\/v2\/pages\/402"}],"collection":[{"href":"https:\/\/redglobalpark.com\/index.php?rest_route=\/wp\/v2\/pages"}],"about":[{"href":"https:\/\/redglobalpark.com\/index.php?rest_route=\/wp\/v2\/types\/page"}],"author":[{"embeddable":true,"href":"https:\/\/redglobalpark.com\/index.php?rest_route=\/wp\/v2\/users\/1"}],"replies":[{"embeddable":true,"href":"https:\/\/redglobalpark.com\/index.php?rest_route=%2Fwp%2Fv2%2Fcomments&post=402"}],"version-history":[{"count":5,"href":"https:\/\/redglobalpark.com\/index.php?rest_route=\/wp\/v2\/pages\/402\/revisions"}],"predecessor-version":[{"id":548,"href":"https:\/\/redglobalpark.com\/index.php?rest_route=\/wp\/v2\/pages\/402\/revisions\/548"}],"wp:attachment":[{"href":"https:\/\/redglobalpark.com\/index.php?rest_route=%2Fwp%2Fv2%2Fmedia&parent=402"}],"curies":[{"name":"wp","href":"https:\/\/api.w.org\/{rel}","templated":true}]}}