{"id":404,"date":"2023-04-14T00:17:29","date_gmt":"2023-04-14T00:17:29","guid":{"rendered":"https:\/\/redglobalpark.com\/?page_id=404"},"modified":"2023-04-14T00:21:26","modified_gmt":"2023-04-14T00:21:26","slug":"global-park","status":"publish","type":"page","link":"https:\/\/redglobalpark.com\/?page_id=404","title":{"rendered":"Global Park"},"content":{"rendered":"\t\t<div data-elementor-type=\"wp-page\" data-elementor-id=\"404\" class=\"elementor elementor-404\">\n\t\t\t\t\t\t\t\t\t<section data-particle_enable=\"false\" data-particle-mobile-disabled=\"false\" class=\"elementor-section elementor-top-section elementor-element elementor-element-38b5f55 elementor-section-boxed elementor-section-height-default elementor-section-height-default\" data-id=\"38b5f55\" data-element_type=\"section\" data-settings=\"{&quot;background_background&quot;:&quot;classic&quot;}\">\n\t\t\t\t\t\t<div class=\"elementor-container elementor-column-gap-default\">\n\t\t\t\t\t<div class=\"elementor-column elementor-col-100 elementor-top-column elementor-element elementor-element-7a899ee\" data-id=\"7a899ee\" data-element_type=\"column\">\n\t\t\t<div class=\"elementor-widget-wrap elementor-element-populated\">\n\t\t\t\t\t\t\t\t<section data-particle_enable=\"false\" data-particle-mobile-disabled=\"false\" class=\"elementor-section elementor-inner-section elementor-element elementor-element-ec6b771 elementor-section-boxed elementor-section-height-default elementor-section-height-default\" data-id=\"ec6b771\" data-element_type=\"section\">\n\t\t\t\t\t\t<div class=\"elementor-container elementor-column-gap-default\">\n\t\t\t\t\t<div class=\"elementor-column elementor-col-100 elementor-inner-column elementor-element elementor-element-7078611\" data-id=\"7078611\" data-element_type=\"column\" data-settings=\"{&quot;background_background&quot;:&quot;classic&quot;}\">\n\t\t\t<div class=\"elementor-widget-wrap elementor-element-populated\">\n\t\t\t\t\t\t\t\t<div class=\"elementor-element elementor-element-ae8c0a6 elementor-widget elementor-widget-image\" data-id=\"ae8c0a6\" data-element_type=\"widget\" data-widget_type=\"image.default\">\n\t\t\t\t<div class=\"elementor-widget-container\">\n\t\t\t<style>\/*! elementor - v3.12.1 - 02-04-2023 *\/\n.elementor-widget-image{text-align:center}.elementor-widget-image a{display:inline-block}.elementor-widget-image a img[src$=\".svg\"]{width:48px}.elementor-widget-image img{vertical-align:middle;display:inline-block}<\/style>\t\t\t\t\t\t\t\t\t\t\t\t<img loading=\"lazy\" decoding=\"async\" width=\"800\" height=\"800\" src=\"https:\/\/redglobalpark.com\/wp-content\/uploads\/2023\/03\/Logo-Inversiones-Global-Park-1-1024x1024.jpg\" class=\"attachment-large size-large wp-image-52\" alt=\"\" srcset=\"https:\/\/redglobalpark.com\/wp-content\/uploads\/2023\/03\/Logo-Inversiones-Global-Park-1-1024x1024.jpg 1024w, https:\/\/redglobalpark.com\/wp-content\/uploads\/2023\/03\/Logo-Inversiones-Global-Park-1-300x300.jpg 300w, https:\/\/redglobalpark.com\/wp-content\/uploads\/2023\/03\/Logo-Inversiones-Global-Park-1-150x150.jpg 150w, https:\/\/redglobalpark.com\/wp-content\/uploads\/2023\/03\/Logo-Inversiones-Global-Park-1-768x768.jpg 768w, https:\/\/redglobalpark.com\/wp-content\/uploads\/2023\/03\/Logo-Inversiones-Global-Park-1.jpg 1080w\" sizes=\"(max-width: 800px) 100vw, 800px\" \/>\t\t\t\t\t\t\t\t\t\t\t\t\t\t\t<\/div>\n\t\t\t\t<\/div>\n\t\t\t\t\t<\/div>\n\t\t<\/div>\n\t\t\t\t\t\t\t<\/div>\n\t\t<\/section>\n\t\t\t\t<div class=\"elementor-element elementor-element-9333be9 elementor-widget elementor-widget-spacer\" data-id=\"9333be9\" data-element_type=\"widget\" data-widget_type=\"spacer.default\">\n\t\t\t\t<div class=\"elementor-widget-container\">\n\t\t\t<style>\/*! elementor - v3.12.1 - 02-04-2023 *\/\n.elementor-column .elementor-spacer-inner{height:var(--spacer-size)}.e-con{--container-widget-width:100%}.e-con-inner>.elementor-widget-spacer,.e-con>.elementor-widget-spacer{width:var(--container-widget-width,var(--spacer-size));--align-self:var(--container-widget-align-self,initial);--flex-shrink:0}.e-con-inner>.elementor-widget-spacer>.elementor-widget-container,.e-con-inner>.elementor-widget-spacer>.elementor-widget-container>.elementor-spacer,.e-con>.elementor-widget-spacer>.elementor-widget-container,.e-con>.elementor-widget-spacer>.elementor-widget-container>.elementor-spacer{height:100%}.e-con-inner>.elementor-widget-spacer>.elementor-widget-container>.elementor-spacer>.elementor-spacer-inner,.e-con>.elementor-widget-spacer>.elementor-widget-container>.elementor-spacer>.elementor-spacer-inner{height:var(--container-widget-height,var(--spacer-size))}<\/style>\t\t<div class=\"elementor-spacer\">\n\t\t\t<div class=\"elementor-spacer-inner\"><\/div>\n\t\t<\/div>\n\t\t\t\t<\/div>\n\t\t\t\t<\/div>\n\t\t\t\t<section data-particle_enable=\"false\" data-particle-mobile-disabled=\"false\" class=\"elementor-section elementor-inner-section elementor-element elementor-element-0217b47 elementor-section-boxed elementor-section-height-default elementor-section-height-default\" data-id=\"0217b47\" data-element_type=\"section\">\n\t\t\t\t\t\t<div class=\"elementor-container elementor-column-gap-default\">\n\t\t\t\t\t<div class=\"elementor-column elementor-col-50 elementor-inner-column elementor-element elementor-element-45bc0da\" data-id=\"45bc0da\" data-element_type=\"column\">\n\t\t\t<div class=\"elementor-widget-wrap elementor-element-populated\">\n\t\t\t\t\t\t\t\t<div class=\"elementor-element elementor-element-1ed54eb elementor-widget elementor-widget-image\" data-id=\"1ed54eb\" data-element_type=\"widget\" data-widget_type=\"image.default\">\n\t\t\t\t<div class=\"elementor-widget-container\">\n\t\t\t\t\t\t\t\t\t\t\t\t\t\t\t<img loading=\"lazy\" decoding=\"async\" width=\"800\" height=\"455\" src=\"https:\/\/redglobalpark.com\/wp-content\/uploads\/2023\/03\/17-1024x583.jpg\" class=\"attachment-large size-large wp-image-133\" alt=\"\" srcset=\"https:\/\/redglobalpark.com\/wp-content\/uploads\/2023\/03\/17-1024x583.jpg 1024w, https:\/\/redglobalpark.com\/wp-content\/uploads\/2023\/03\/17-300x171.jpg 300w, https:\/\/redglobalpark.com\/wp-content\/uploads\/2023\/03\/17-768x438.jpg 768w, https:\/\/redglobalpark.com\/wp-content\/uploads\/2023\/03\/17-1536x875.jpg 1536w, https:\/\/redglobalpark.com\/wp-content\/uploads\/2023\/03\/17-2048x1167.jpg 2048w\" sizes=\"(max-width: 800px) 100vw, 800px\" \/>\t\t\t\t\t\t\t\t\t\t\t\t\t\t\t<\/div>\n\t\t\t\t<\/div>\n\t\t\t\t\t<\/div>\n\t\t<\/div>\n\t\t\t\t<div class=\"elementor-column elementor-col-50 elementor-inner-column elementor-element elementor-element-427d363\" data-id=\"427d363\" data-element_type=\"column\">\n\t\t\t<div class=\"elementor-widget-wrap elementor-element-populated\">\n\t\t\t\t\t\t\t\t<div class=\"elementor-element elementor-element-ccf0cd2 elementor-widget elementor-widget-text-editor\" data-id=\"ccf0cd2\" data-element_type=\"widget\" data-widget_type=\"text-editor.default\">\n\t\t\t\t<div class=\"elementor-widget-container\">\n\t\t\t<style>\/*! elementor - v3.12.1 - 02-04-2023 *\/\n.elementor-widget-text-editor.elementor-drop-cap-view-stacked .elementor-drop-cap{background-color:#69727d;color:#fff}.elementor-widget-text-editor.elementor-drop-cap-view-framed .elementor-drop-cap{color:#69727d;border:3px solid;background-color:transparent}.elementor-widget-text-editor:not(.elementor-drop-cap-view-default) .elementor-drop-cap{margin-top:8px}.elementor-widget-text-editor:not(.elementor-drop-cap-view-default) .elementor-drop-cap-letter{width:1em;height:1em}.elementor-widget-text-editor .elementor-drop-cap{float:left;text-align:center;line-height:1;font-size:50px}.elementor-widget-text-editor .elementor-drop-cap-letter{display:inline-block}<\/style>\t\t\t\t<p>Es una organizaci\u00f3n desarrolladora, consultora y asesora de unidades de negocios en Colombia, enfocada en la gesti\u00f3n de innovadoras ideas que integran la responsabilidad ambiental, optimizan los recursos y generan un importante impacto en la sociedad y en la empresa que la conforma o la constituir\u00e1.<\/p>\t\t\t\t\t\t<\/div>\n\t\t\t\t<\/div>\n\t\t\t\t<div class=\"elementor-element elementor-element-3f507f6 elementor-widget elementor-widget-eael-adv-accordion\" data-id=\"3f507f6\" data-element_type=\"widget\" data-widget_type=\"eael-adv-accordion.default\">\n\t\t\t\t<div class=\"elementor-widget-container\">\n\t\t\t        <div class=\"eael-adv-accordion\" id=\"eael-adv-accordion-3f507f6\" data-accordion-id=\"3f507f6\" data-accordion-type=\"accordion\" data-toogle-speed=\"300\">\n    <div class=\"eael-accordion-list\">\n                <div id=\"recepcin\" class=\"elementor-tab-title eael-accordion-header\" tabindex=\"6631\" data-tab=\"1\" aria-controls=\"elementor-tab-content-6631\"><span class=\"eael-advanced-accordion-icon-closed\"><i aria-hidden=\"true\" class=\"fa-accordion-icon fas fa-plus\"><\/i><\/span><span class=\"eael-advanced-accordion-icon-opened\"><i aria-hidden=\"true\" class=\"fa-accordion-icon fas fa-minus\"><\/i><\/span><span class=\"eael-accordion-tab-title\">Recepci\u00f3n<\/span><i aria-hidden=\"true\" class=\"fa-toggle fas fa-angle-right\"><\/i><\/div><div id=\"elementor-tab-content-6631\" class=\"eael-accordion-content clearfix\" data-tab=\"1\" aria-labelledby=\"recepcin\"><p><p>Recibimos material recuperable procesado, listo para exportar.<\/p><\/p><\/div>\n                <\/div><div class=\"eael-accordion-list\">\n                <div id=\"almacenamiento\" class=\"elementor-tab-title eael-accordion-header\" tabindex=\"6632\" data-tab=\"2\" aria-controls=\"elementor-tab-content-6632\"><span class=\"eael-advanced-accordion-icon-closed\"><i aria-hidden=\"true\" class=\"fa-accordion-icon fas fa-plus\"><\/i><\/span><span class=\"eael-advanced-accordion-icon-opened\"><i aria-hidden=\"true\" class=\"fa-accordion-icon fas fa-minus\"><\/i><\/span><span class=\"eael-accordion-tab-title\">Almacenamiento<\/span><i aria-hidden=\"true\" class=\"fa-toggle fas fa-angle-right\"><\/i><\/div><div id=\"elementor-tab-content-6632\" class=\"eael-accordion-content clearfix\" data-tab=\"2\" aria-labelledby=\"almacenamiento\"><p><p>El material es reservado en nuestras bodegas o centros de acopio, ubicadas estrat\u00e9gicamente en la regi\u00f3n Caribe, mientras \u00e9ste es exportado.<\/p><\/p><\/div>\n                <\/div><div class=\"eael-accordion-list\">\n                <div id=\"despacho\" class=\"elementor-tab-title eael-accordion-header\" tabindex=\"6633\" data-tab=\"3\" aria-controls=\"elementor-tab-content-6633\"><span class=\"eael-advanced-accordion-icon-closed\"><i aria-hidden=\"true\" class=\"fa-accordion-icon fas fa-plus\"><\/i><\/span><span class=\"eael-advanced-accordion-icon-opened\"><i aria-hidden=\"true\" class=\"fa-accordion-icon fas fa-minus\"><\/i><\/span><span class=\"eael-accordion-tab-title\">Despacho<\/span><i aria-hidden=\"true\" class=\"fa-toggle fas fa-angle-right\"><\/i><\/div><div id=\"elementor-tab-content-6633\" class=\"eael-accordion-content clearfix\" data-tab=\"3\" aria-labelledby=\"despacho\"><p><p>Con el material listo, se realiza la log\u00edstica, transporte y operaci\u00f3n portuaria de la carga para exportaci\u00f3n de la misma y as\u00ed llegue hasta su destino final.<\/p><\/p><\/div>\n                <\/div><\/div>\t\t<\/div>\n\t\t\t\t<\/div>\n\t\t\t\t\t<\/div>\n\t\t<\/div>\n\t\t\t\t\t\t\t<\/div>\n\t\t<\/section>\n\t\t\t\t\t<\/div>\n\t\t<\/div>\n\t\t\t\t\t\t\t<\/div>\n\t\t<\/section>\n\t\t\t\t\t\t\t<\/div>\n\t\t","protected":false},"excerpt":{"rendered":"<p>Es una organizaci\u00f3n desarrolladora, consultora y asesora de unidades de negocios en Colombia, enfocada en la gesti\u00f3n de innovadoras ideas que integran la responsabilidad ambiental, optimizan los recursos y generan un importante impacto en la sociedad y en la empresa que la conforma o la constituir\u00e1. Recepci\u00f3n Recibimos material recuperable procesado, listo para exportar. Almacenamiento [&hellip;]<\/p>\n","protected":false},"author":1,"featured_media":0,"parent":0,"menu_order":0,"comment_status":"closed","ping_status":"closed","template":"","meta":{"footnotes":""},"class_list":["post-404","page","type-page","status-publish","hentry"],"_links":{"self":[{"href":"https:\/\/redglobalpark.com\/index.php?rest_route=\/wp\/v2\/pages\/404"}],"collection":[{"href":"https:\/\/redglobalpark.com\/index.php?rest_route=\/wp\/v2\/pages"}],"about":[{"href":"https:\/\/redglobalpark.com\/index.php?rest_route=\/wp\/v2\/types\/page"}],"author":[{"embeddable":true,"href":"https:\/\/redglobalpark.com\/index.php?rest_route=\/wp\/v2\/users\/1"}],"replies":[{"embeddable":true,"href":"https:\/\/redglobalpark.com\/index.php?rest_route=%2Fwp%2Fv2%2Fcomments&post=404"}],"version-history":[{"count":4,"href":"https:\/\/redglobalpark.com\/index.php?rest_route=\/wp\/v2\/pages\/404\/revisions"}],"predecessor-version":[{"id":411,"href":"https:\/\/redglobalpark.com\/index.php?rest_route=\/wp\/v2\/pages\/404\/revisions\/411"}],"wp:attachment":[{"href":"https:\/\/redglobalpark.com\/index.php?rest_route=%2Fwp%2Fv2%2Fmedia&parent=404"}],"curies":[{"name":"wp","href":"https:\/\/api.w.org\/{rel}","templated":true}]}}